{"id":3,"date":"2025-09-26T10:05:36","date_gmt":"2025-09-26T10:05:36","guid":{"rendered":"https:\/\/alfredo.mirium.cloud\/?page_id=3"},"modified":"2026-03-03T19:01:49","modified_gmt":"2026-03-03T17:01:49","slug":"privacy-policy","status":"publish","type":"page","link":"https:\/\/alfredo.mirium.cloud\/index.php\/privacy-policy\/","title":{"rendered":"Privacy Policy"},"content":{"rendered":"\t\t<div data-elementor-type=\"wp-page\" data-elementor-id=\"3\" class=\"elementor elementor-3\" data-elementor-post-type=\"page\">\n\t\t\t\t<div class=\"elementor-element elementor-element-6e3b002f e-flex e-con-boxed wpr-particle-no wpr-jarallax-no wpr-parallax-no wpr-sticky-section-no wpr-equal-height-no e-con e-parent\" data-id=\"6e3b002f\" data-element_type=\"container\" data-e-type=\"container\">\n\t\t\t\t\t<div class=\"e-con-inner\">\n\t\t\t\t<div class=\"elementor-element elementor-element-7db6288 elementor-widget elementor-widget-heading\" data-id=\"7db6288\" data-element_type=\"widget\" data-e-type=\"widget\" data-widget_type=\"heading.default\">\n\t\t\t\t\t<h2 class=\"elementor-heading-title elementor-size-default\">Privacy policy<\/h2>\t\t\t\t<\/div>\n\t\t\t\t<div class=\"elementor-element elementor-element-418861f0 elementor-widget elementor-widget-text-editor\" data-id=\"418861f0\" data-element_type=\"widget\" data-e-type=\"widget\" data-widget_type=\"text-editor.default\">\n\t\t\t\t\t\t\t\t\t<p>Il sito web https:\/\/alfredo.mirium.it (d&#8217;ora in avanti &#8220;Sito&#8221;) raccoglie alcuni Dati Personali dei propri Utenti.<br \/><strong>TITOLARE DEL TRATTAMENTO DEI DATI<\/strong><br \/>Mirium s.r.l.<br \/>Via San Massimo 26, Parco Il Garofano \u2013 80035 Napoli (NA)<br \/>P. Iva: IT09428941216<br \/>Indirizzo email del Titolare: info@mirium.it<\/p>\n<p><!-- \/wp:paragraph --><!-- wp:paragraph --><\/p>\n<p><strong>TIPOLOGIE DI DATI RACCOLTI<\/strong><br \/><em>Dati di navigazione\u00a0\u00a0\u00a0<\/em><br \/>I sistemi informatici e le procedure software preposte al funzionamento di questo sito acquisiscono, nel corso del loro normale esercizio, alcuni dati personali la cui trasmissione \u00e8 implicita nell&#8217;uso dei protocolli di comunicazione di Internet.<\/p>\n<p><!-- \/wp:paragraph --><!-- wp:paragraph --><\/p>\n<p>In questa categoria di dati rientrano gli indirizzi IP o i nomi a dominio dei computer e dei terminali utilizzati dagli utenti, gli indirizzi in notazione URI\/URL (Uniform Resource Identifier\/Locator) delle risorse richieste, l&#8217;orario della richiesta, il metodo utilizzato nel sottoporre la richiesta al server, la dimensione del file ottenuto in risposta, il codice numerico indicante lo stato della risposta data dal server (buon fine, errore, ecc.) ed altri parametri relativi al sistema operativo e all&#8217;ambiente informatico dell&#8217;utente.<\/p>\n<p><!-- \/wp:paragraph --><!-- wp:paragraph --><\/p>\n<p>Tali dati, necessari per la fruizione dei servizi web, vengono anche trattati allo scopo di:<br \/>&#8211; ottenere informazioni statistiche sull&#8217;uso dei servizi (pagine pi\u00f9 visitate, numero di visitatori per fascia oraria o giornaliera, aree geografiche di provenienza, ecc.);<br \/>&#8211; controllare il corretto funzionamento dei servizi offerti.<\/p>\n<p><!-- \/wp:paragraph --><!-- wp:paragraph --><\/p>\n<p>\u00a0<\/p>\n<p><!-- \/wp:paragraph --><!-- wp:paragraph --><\/p>\n<p><em>Dati comunicati dall&#8217;utente<\/em><br \/>L&#8217;invio facoltativo, esplicito e volontario di messaggi agli indirizzi di contatto del Sito,\u00a0i messaggi privati inviati ai profili\/pagine sui social media (laddove questa possibilit\u00e0 sia prevista), nonch\u00e9 la compilazione e l&#8217;inoltro dei moduli presenti sul Sito, comportano l&#8217;acquisizione dei dati di contatto del mittente, necessari a rispondere, nonch\u00e9 di tutti i dati personali inclusi nelle comunicazioni.<\/p>\n<p><!-- \/wp:paragraph --><!-- wp:paragraph --><\/p>\n<p><em>Cookie e altri sistemi di tracciamento<\/em><br \/>Non viene fatto uso di cookie per la profilazione degli utenti. L\u2019unico trattamento effettuato riguarda la produzione di statistiche, raccogliendo le seguenti informazioni:<br \/>&#8211; L\u2019indirizzo IP<br \/>&#8211; Il sistema operativo utilizzato<br \/>&#8211; Il tipo di browser<br \/>&#8211; Il tipo di dispositivo (PC, smartphone, etc.)<\/p>\n<p><!-- \/wp:paragraph --><!-- wp:paragraph --><\/p>\n<p>Viene fatto uso di cookie tecnici di sessione (non persistenti), in modo strettamente limitato a quanto necessario per la navigazione sicura ed efficiente dei siti.<\/p>\n<p><!-- \/wp:paragraph --><!-- wp:paragraph --><\/p>\n<p>\u00a0<\/p>\n<p><!-- \/wp:paragraph --><!-- wp:paragraph --><\/p>\n<p><strong>MODALIT\u00c0 E LUOGO DEL TRATTAMENTO DEI DATI RACCOLTI<\/strong><br \/><strong>Modalit\u00e0 di trattamento<\/strong><br \/>Il Titolare adotta le opportune misure di sicurezza volte ad impedire l\u2019accesso, la divulgazione, la modifica o la distruzione non autorizzate dei Dati Personali. Il trattamento viene effettuato mediante strumenti informatici e\/o telematici, con modalit\u00e0 organizzative e con logiche strettamente correlate alle finalit\u00e0 indicate. Oltre al Titolare, in alcuni casi, potrebbero avere accesso ai Dati altri soggetti coinvolti nell\u2019organizzazione del Sito (personale amministrativo, commerciale, marketing, legali, amministratori di sistema) ovvero soggetti esterni (come fornitori di servizi tecnici terzi, corrieri postali, hosting provider, societ\u00e0 informatiche, agenzie di comunicazione) nominati anche, se necessario, Responsabili del Trattamento da parte del Titolare. L\u2019elenco aggiornato dei Responsabili potr\u00e0 sempre essere richiesto al Titolare del Trattamento.<br \/><strong>Base giuridica del trattamento<\/strong><br \/>Il Titolare tratta Dati Personali relativi all\u2019Utente in caso sussista una delle seguenti condizioni:<br \/>\u2013 l\u2019Utente ha prestato il consenso per una o pi\u00f9 finalit\u00e0 specifiche;\u00a0<br \/>\u2013 il trattamento \u00e8 necessario all\u2019esecuzione di un contratto con l\u2019Utente e\/o all\u2019esecuzione di misure precontrattuali;<br \/>\u2013 il trattamento \u00e8 necessario per adempiere un obbligo legale al quale \u00e8 soggetto il Titolare;<br \/>\u2013 il trattamento \u00e8 necessario per l\u2019esecuzione di un compito di interesse pubblico o per l\u2019esercizio di pubblici poteri di cui \u00e8 investito il Titolare;<br \/>\u2013 il trattamento \u00e8 necessario per il perseguimento del legittimo interesse del Titolare o di terzi.<br \/>\u00c8 comunque sempre possibile richiedere al Titolare di chiarire la concreta base giuridica di ciascun trattamento ed in particolare di specificare se il trattamento sia basato sulla legge, previsto da un contratto o necessario per concludere un contratto.<br \/><strong>Luogo<\/strong><br \/>I Dati sono trattati presso le sedi operative del Titolare ed in ogni altro luogo in cui le parti coinvolte nel trattamento siano localizzate. Per ulteriori informazioni, contatta il Titolare. I Dati Personali dell\u2019Utente potrebbero essere trasferiti in un paese diverso da quello in cui l\u2019Utente si trova. Per ottenere ulteriori informazioni sul luogo del trattamento l\u2019Utente pu\u00f2 fare riferimento alla sezione relativa ai dettagli sul trattamento dei Dati Personali. L\u2019Utente ha diritto a ottenere informazioni in merito alla base giuridica del trasferimento di Dati al di fuori dell\u2019Unione Europea o ad un\u2019organizzazione internazionale di diritto internazionale pubblico o costituita da due o pi\u00f9 paesi, come ad esempio l\u2019ONU, nonch\u00e9 in merito alle misure di sicurezza adottate dal Titolare per proteggere i Dati. L\u2019Utente pu\u00f2 verificare se abbia luogo uno dei trasferimenti appena descritti esaminando la sezione di questo documento relativa ai dettagli sul trattamento di Dati Personali o chiedere informazioni al Titolare contattandolo agli estremi riportati in apertura.<br \/><strong>Periodo di conservazione<\/strong><br \/>I Dati sono trattati e conservati per il tempo richiesto dalle finalit\u00e0 per le quali sono stati raccolti.<br \/>Pertanto:<br \/>\u2013 I Dati Personali raccolti per scopi collegati all\u2019esecuzione di un contratto tra il Titolare e l\u2019Utente saranno trattenuti sino a quando sia completata l\u2019esecuzione di tale contratto.<br \/>\u2013 I Dati Personali raccolti per finalit\u00e0 riconducibili all\u2019interesse legittimo del Titolare saranno trattenuti sino al soddisfacimento di tale interesse. L\u2019Utente pu\u00f2 ottenere ulteriori informazioni in merito all\u2019interesse legittimo perseguito dal Titolare nelle relative sezioni di questo documento o contattando il Titolare.<br \/>Quando il trattamento \u00e8 basato sul consenso dell\u2019Utente, il Titolare pu\u00f2 conservare i Dati Personali pi\u00f9 a lungo sino a quando detto consenso non venga revocato. Inoltre, il Titolare potrebbe essere obbligato a conservare i Dati Personali per un periodo pi\u00f9 lungo in ottemperanza ad un obbligo di legge o per ordine di un\u2019autorit\u00e0. Al termine del periodo di conservazione i Dati Personali saranno cancellati. Pertanto, allo spirare di tale termine il diritto di accesso, cancellazione, rettificazione ed il diritto alla portabilit\u00e0 dei Dati non potranno pi\u00f9 essere esercitati.<\/p>\n<p><!-- \/wp:paragraph --><!-- wp:paragraph --><\/p>\n<p><strong>FINALIT\u00c0 DEL TRATTAMENTO DEI DATI RACCOLTI<\/strong><\/p>\n<p>\u00a0I dati personali sono trattati per le seguenti finalit\u00e0:<\/p>\n<p>\u00a0<\/p>\n<div tabindex=\"0\" role=\"region\">\n<table>\n<thead>\n<tr>\n<th>Finalit\u00e0<\/th>\n<th>Base giuridica<\/th>\n<\/tr>\n<\/thead>\n<tbody>\n<tr>\n<td>Rispondere a richieste di informazioni inviate tramite form contatti<\/td>\n<td>Esecuzione di misure precontrattuali (art. 6.1.b GDPR)<\/td>\n<\/tr>\n<tr>\n<td>Gestione tecnica del sito e sicurezza<\/td>\n<td>Legittimo interesse del titolare (art. 6.1.f GDPR)<\/td>\n<\/tr>\n<tr>\n<td>Analisi delle prestazioni del sito (Search Console \/ Bing)<\/td>\n<td>Legittimo interesse del titolare<\/td>\n<\/tr>\n<\/tbody>\n<\/table>\n<\/div>\n<p><strong>DETTAGLI SUL TRATTAMENTO DEI DATI PERSONALI<\/strong><\/p>\n<p>I Dati Personali sono raccolti per le seguenti finalit\u00e0 ed utilizzando i seguenti servizi:<\/p>\n<p><!-- \/wp:paragraph --><!-- wp:paragraph --><\/p>\n<p><strong>A. GESTIONE CONTATTI E INVIO DI MESSAGGI<\/strong><\/p>\n<p>Questo tipo di servizi consente di gestire un database di contatti email, contatti telefonici o contatti di qualunque altro tipo, utilizzati per comunicare con l\u2019Utente. Questi servizi potrebbero inoltre consentire di raccogliere dati relativi alla data e all\u2019ora di visualizzazione dei messaggi da parte dell\u2019Utente, cos\u00ec come all\u2019interazione dell\u2019Utente con essi, come le informazioni sui click sui collegamenti inseriti nei messaggi.<\/p>\n<p><!-- \/wp:paragraph --><!-- wp:paragraph --><\/p>\n<p>\u00a0<\/p>\n<p><!-- \/wp:paragraph --><!-- wp:paragraph --><\/p>\n<p><strong>B. HOSTING ED INFRASTRUTTURA BACKEND<\/strong><br \/>Questo tipo di servizi ha la funzione di ospitare Dati e file che permettono a Questo sito web di funzionare, ne consentono la distribuzione e mettono a disposizione un\u2019infrastruttura pronta all\u2019uso per erogare specifiche funzionalit\u00e0 di Questo sito web. Alcuni di questi servizi funzionano attraverso server dislocati geograficamente in luoghi differenti, rendendo difficile la determinazione del luogo esatto in cui vengono conservati i Dati Personali.<br \/>IONOS SE Elgendorfer Str. 57 56410 Montabaur, Germany<br \/>Dati Personali trattati: varie tipologie di Dati secondo quanto specificato dalla privacy policy del servizio.<br \/>Luogo del trattamento: Germania \u2013\u00a0<a href=\"https:\/\/www.ionos.it\/terms-gtc\/privacy\/\" target=\"_blank\" rel=\"noreferrer noopener\">Privacy Policy<\/a>. Soggetto aderente al Privacy Shield.<br \/>Categoria dei dati personali raccolti ai sensi del CCPA: informazioni su Internet.<\/p>\n<p><!-- \/wp:paragraph --><!-- wp:paragraph --><\/p>\n<p><strong>C. INTERAZIONE CON SOCIAL NETWORK E PIATTAFORME ESTERNE.<\/strong><\/p>\n<p>Questo tipo di servizi permette di effettuare interazioni con i social network, o con altre piattaforme esterne, direttamente dalle pagine di Questo sito web. Le interazioni e le informazioni acquisite da Questo sito web sono in ogni caso soggette alle impostazioni privacy dell\u2019Utente relative ad ogni social network. Questo tipo di servizio potrebbe comunque raccogliere dati sul traffico per le pagine dove il servizio \u00e8 installato, anche quando gli Utenti non lo utilizzano. Si raccomanda di disconnettersi dai rispettivi servizi per assicurarsi che i dati elaborati su Questo sito web non vengano ricollegati al profilo dell\u2019Utente.<\/p>\n<p><strong>D. MONITORAGGIO DELL\u2019INFRASTRUTTURA<\/strong><\/p>\n<p>Questo tipo di servizi permette a Questo sito web di monitorare l\u2019utilizzo ed il comportamento di componenti della stessa, per consentirne il miglioramento delle prestazioni e delle funzionalit\u00e0, la manutenzione o la risoluzione di problemi. I Dati Personali trattati dipendono dalle caratteristiche e della modalit\u00e0 d\u2019implementazione di questi servizi, che per loro natura filtrano l\u2019attivit\u00e0 di Questo sito web.<\/p>\n<p><!-- \/wp:paragraph --><!-- wp:paragraph --><\/p>\n<p><strong>E. STATISTICA<\/strong><\/p>\n<p><strong>Google Search Console<br \/><\/strong>Servizio fornito da <strong>Google LLC<\/strong>, utilizzato per monitorare e migliorare la presenza del sito nei risultati di ricerca.<br \/>Google Search Console non consente al Titolare di identificare direttamente gli utenti.<br \/>Privacy policy Google:<br \/><a href=\"https:\/\/policies.google.com\/privacy\" target=\"_blank\" rel=\"noopener\">https:\/\/policies.google.com\/privacy<\/a><\/p>\n<p><strong>Bing Webmaster Tools<br \/><\/strong>Servizio fornito da <strong>Microsoft Corporation<\/strong>, utilizzato per analisi tecniche e indicizzazione sui motori di ricerca Bing.<br \/>Privacy policy Microsoft:<br \/><a href=\"https:\/\/privacy.microsoft.com\/it-it\/privacystatement\" target=\"_blank\" rel=\"noopener\">https:\/\/privacy.microsoft.com\/it-it\/privacystatement<\/a><\/p>\n<p><strong>DIRITTI DELL\u2019UTENTE<\/strong><br \/>Gli Utenti possono esercitare determinati diritti con riferimento ai Dati trattati dal Titolare.<br \/>In particolare, l\u2019Utente ha il diritto di:<br \/>\u2013 revocare il consenso in ogni momento. L\u2019Utente pu\u00f2 revocare il consenso al trattamento dei propri Dati Personali precedentemente espresso.<br \/>\u2013 opporsi al trattamento dei propri Dati. L\u2019Utente pu\u00f2 opporsi al trattamento dei propri Dati quando esso avviene su una base giuridica diversa dal consenso. Ulteriori dettagli sul diritto di opposizione sono indicati nella sezione sottostante.<br \/>\u2013 accedere ai propri Dati. L\u2019Utente ha diritto ad ottenere informazioni sui Dati trattati dal Titolare, su determinati aspetti del trattamento ed a ricevere una copia dei Dati trattati.<br \/>\u2013 verificare e chiedere la rettificazione. L\u2019Utente pu\u00f2 verificare la correttezza dei propri Dati e richiederne l\u2019aggiornamento o la correzione.<br \/>\u2013 ottenere la limitazione del trattamento. Quando ricorrono determinate condizioni, l\u2019Utente pu\u00f2 richiedere la limitazione del trattamento dei propri Dati. In tal caso il Titolare non tratter\u00e0 i Dati per alcun altro scopo se non la loro conservazione.<br \/>\u2013 ottenere la cancellazione o rimozione dei propri Dati Personali. Quando ricorrono determinate condizioni, l\u2019Utente pu\u00f2 richiedere la cancellazione dei propri Dati da parte del Titolare.<br \/>\u2013 ricevere i propri Dati o farli trasferire ad altro titolare. L\u2019Utente ha diritto di ricevere i propri Dati in formato strutturato, di uso comune e leggibile da dispositivo automatico e, ove tecnicamente fattibile, di ottenerne il trasferimento senza ostacoli ad un altro titolare. Questa disposizione \u00e8 applicabile quando i Dati sono trattati con strumenti automatizzati ed il trattamento \u00e8 basato sul consenso dell\u2019Utente, su un contratto di cui l\u2019Utente \u00e8 parte o su misure contrattuali ad esso connesse.<br \/>\u2013 proporre reclamo. L\u2019Utente pu\u00f2 proporre un reclamo all\u2019autorit\u00e0 di controllo della protezione dei dati personali competente o agire in sede giudiziale.<br \/><strong>Dettagli sul diritto di opposizione<\/strong><br \/>Quando i Dati Personali sono trattati nell\u2019interesse pubblico, nell\u2019esercizio di pubblici poteri di cui \u00e8 investito il Titolare oppure per perseguire un interesse legittimo del Titolare, gli Utenti hanno diritto ad opporsi al trattamento per motivi connessi alla loro situazione particolare. Si fa presente agli Utenti che, ove i loro Dati fossero trattati con finalit\u00e0 di marketing diretto, possono opporsi al trattamento senza fornire alcuna motivazione. Per scoprire se il Titolare tratti dati con finalit\u00e0 di marketing diretto gli Utenti possono fare riferimento alle rispettive sezioni di questo documento. Come esercitare i diritti Per esercitare i diritti dell\u2019Utente, gli Utenti possono indirizzare una richiesta agli estremi di contatto del Titolare indicati in questo documento. Le richieste sono depositate a titolo gratuito e evase dal Titolare nel pi\u00f9 breve tempo possibile, in ogni caso entro un mese.<\/p>\n<p><!-- \/wp:paragraph --><!-- wp:paragraph --><\/p>\n<p><strong>COOKIE POLICY<\/strong><br \/>Questo sito web fa utilizzo di Cookie e altri Identificatori. Per saperne di pi\u00f9, l\u2019Utente pu\u00f2 consultare la\u00a0<a href=\"https:\/\/ines.mirium.it\/cookie-policy-ue\/\">Cookie Policy<\/a>.<\/p>\n<p><!-- \/wp:paragraph --><!-- wp:paragraph --><\/p>\n<p>\u00a0<\/p>\t\t\t\t\t\t\t\t<\/div>\n\t\t\t\t\t<\/div>\n\t\t\t\t<\/div>\n\t\t\t\t<\/div>\n\t\t","protected":false},"excerpt":{"rendered":"<p>Privacy policy Il sito web https:\/\/alfredo.mirium.it (d&#8217;ora in avanti &#8220;Sito&#8221;) raccoglie alcuni Dati Personali dei propri Utenti.TITOLARE DEL TRATTAMENTO DEI DATIMirium s.r.l.Via San Massimo 26, Parco Il Garofano \u2013 80035 Napoli (NA)P. Iva: IT09428941216Indirizzo email del Titolare: info@mirium.it TIPOLOGIE DI DATI RACCOLTIDati di navigazione\u00a0\u00a0\u00a0I sistemi informatici e le procedure software preposte al funzionamento di questo sito acquisiscono, nel corso del loro normale esercizio, alcuni dati personali la cui trasmissione \u00e8 implicita nell&#8217;uso dei protocolli di comunicazione di Internet. In questa categoria di dati rientrano gli indirizzi IP o i nomi a dominio dei computer e dei terminali utilizzati dagli utenti, gli indirizzi in notazione URI\/URL (Uniform Resource Identifier\/Locator) delle risorse richieste, l&#8217;orario della richiesta, il metodo utilizzato nel sottoporre la richiesta al server, la dimensione del file ottenuto in risposta, il codice numerico indicante lo stato della risposta data dal server (buon fine, errore, ecc.) ed altri parametri relativi al sistema operativo e all&#8217;ambiente informatico dell&#8217;utente. Tali dati, necessari per la fruizione dei servizi web, vengono anche trattati allo scopo di:&#8211; ottenere informazioni statistiche sull&#8217;uso dei servizi (pagine pi\u00f9 visitate, numero di visitatori per fascia oraria o giornaliera, aree geografiche di provenienza, ecc.);&#8211; controllare il corretto funzionamento dei servizi offerti. \u00a0 Dati comunicati dall&#8217;utenteL&#8217;invio facoltativo, esplicito e volontario di messaggi agli indirizzi di contatto del Sito,\u00a0i messaggi privati inviati ai profili\/pagine sui social media (laddove questa possibilit\u00e0 sia prevista), nonch\u00e9 la compilazione e l&#8217;inoltro dei moduli presenti sul Sito, comportano l&#8217;acquisizione dei dati di contatto del mittente, necessari a rispondere, nonch\u00e9 di tutti i dati personali inclusi nelle comunicazioni. Cookie e altri sistemi di tracciamentoNon viene fatto uso di cookie per la profilazione degli utenti. L\u2019unico trattamento effettuato riguarda la produzione di statistiche, raccogliendo le seguenti informazioni:&#8211; L\u2019indirizzo IP&#8211; Il sistema operativo utilizzato&#8211; Il tipo di browser&#8211; Il tipo di dispositivo (PC, smartphone, etc.) Viene fatto uso di cookie tecnici di sessione (non persistenti), in modo strettamente limitato a quanto necessario per la navigazione sicura ed efficiente dei siti. \u00a0 MODALIT\u00c0 E LUOGO DEL TRATTAMENTO DEI DATI RACCOLTIModalit\u00e0 di trattamentoIl Titolare adotta le opportune misure di sicurezza volte ad impedire l\u2019accesso, la divulgazione, la modifica o la distruzione non autorizzate dei Dati Personali. Il trattamento viene effettuato mediante strumenti informatici e\/o telematici, con modalit\u00e0 organizzative e con logiche strettamente correlate alle finalit\u00e0 indicate. Oltre al Titolare, in alcuni casi, potrebbero avere accesso ai Dati altri soggetti coinvolti nell\u2019organizzazione del Sito (personale amministrativo, commerciale, marketing, legali, amministratori di sistema) ovvero soggetti esterni (come fornitori di servizi tecnici terzi, corrieri postali, hosting provider, societ\u00e0 informatiche, agenzie di comunicazione) nominati anche, se necessario, Responsabili del Trattamento da parte del Titolare. L\u2019elenco aggiornato dei Responsabili potr\u00e0 sempre essere richiesto al Titolare del Trattamento.Base giuridica del trattamentoIl Titolare tratta Dati Personali relativi all\u2019Utente in caso sussista una delle seguenti condizioni:\u2013 l\u2019Utente ha prestato il consenso per una o pi\u00f9 finalit\u00e0 specifiche;\u00a0\u2013 il trattamento \u00e8 necessario all\u2019esecuzione di un contratto con l\u2019Utente e\/o all\u2019esecuzione di misure precontrattuali;\u2013 il trattamento \u00e8 necessario per adempiere un obbligo legale al quale \u00e8 soggetto il Titolare;\u2013 il trattamento \u00e8 necessario per l\u2019esecuzione di un compito di interesse pubblico o per l\u2019esercizio di pubblici poteri di cui \u00e8 investito il Titolare;\u2013 il trattamento \u00e8 necessario per il perseguimento del legittimo interesse del Titolare o di terzi.\u00c8 comunque sempre possibile richiedere al Titolare di chiarire la concreta base giuridica di ciascun trattamento ed in particolare di specificare se il trattamento sia basato sulla legge, previsto da un contratto o necessario per concludere un contratto.LuogoI Dati sono trattati presso le sedi operative del Titolare ed in ogni altro luogo in cui le parti coinvolte nel trattamento siano localizzate. Per ulteriori informazioni, contatta il Titolare. I Dati Personali dell\u2019Utente potrebbero essere trasferiti in un paese diverso da quello in cui l\u2019Utente si trova. Per ottenere ulteriori informazioni sul luogo del trattamento l\u2019Utente pu\u00f2 fare riferimento alla sezione relativa ai dettagli sul trattamento dei Dati Personali. L\u2019Utente ha diritto a ottenere informazioni in merito alla base giuridica del trasferimento di Dati al di fuori dell\u2019Unione Europea o ad un\u2019organizzazione internazionale di diritto internazionale pubblico o costituita da due o pi\u00f9 paesi, come ad esempio l\u2019ONU, nonch\u00e9 in merito alle misure di sicurezza adottate dal Titolare per proteggere i Dati. L\u2019Utente pu\u00f2 verificare se abbia luogo uno dei trasferimenti appena descritti esaminando la sezione di questo documento relativa ai dettagli sul trattamento di Dati Personali o chiedere informazioni al Titolare contattandolo agli estremi riportati in apertura.Periodo di conservazioneI Dati sono trattati e conservati per il tempo richiesto dalle finalit\u00e0 per le quali sono stati raccolti.Pertanto:\u2013 I Dati Personali raccolti per scopi collegati all\u2019esecuzione di un contratto tra il Titolare e l\u2019Utente saranno trattenuti sino a quando sia completata l\u2019esecuzione di tale contratto.\u2013 I Dati Personali raccolti per finalit\u00e0 riconducibili all\u2019interesse legittimo del Titolare saranno trattenuti sino al soddisfacimento di tale interesse. L\u2019Utente pu\u00f2 ottenere ulteriori informazioni in merito all\u2019interesse legittimo perseguito dal Titolare nelle relative sezioni di questo documento o contattando il Titolare.Quando il trattamento \u00e8 basato sul consenso dell\u2019Utente, il Titolare pu\u00f2 conservare i Dati Personali pi\u00f9 a lungo sino a quando detto consenso non venga revocato. Inoltre, il Titolare potrebbe essere obbligato a conservare i Dati Personali per un periodo pi\u00f9 lungo in ottemperanza ad un obbligo di legge o per ordine di un\u2019autorit\u00e0. Al termine del periodo di conservazione i Dati Personali saranno cancellati. Pertanto, allo spirare di tale termine il diritto di accesso, cancellazione, rettificazione ed il diritto alla portabilit\u00e0 dei Dati non potranno pi\u00f9 essere esercitati. FINALIT\u00c0 DEL TRATTAMENTO DEI DATI RACCOLTI \u00a0I dati personali sono trattati per le seguenti finalit\u00e0: \u00a0 Finalit\u00e0 Base giuridica Rispondere a richieste di informazioni inviate tramite form contatti Esecuzione di misure precontrattuali (art. 6.1.b GDPR) Gestione tecnica del sito e sicurezza Legittimo interesse del titolare (art. 6.1.f GDPR) Analisi delle prestazioni del sito (Search Console \/ Bing) Legittimo interesse del titolare DETTAGLI SUL TRATTAMENTO DEI DATI PERSONALI I Dati Personali sono raccolti per le seguenti finalit\u00e0 ed utilizzando i seguenti servizi: A. GESTIONE CONTATTI<\/p>\n","protected":false},"author":1,"featured_media":0,"parent":0,"menu_order":0,"comment_status":"closed","ping_status":"closed","template":"","meta":{"footnotes":""},"class_list":["post-3","page","type-page","status-publish","hentry"],"_links":{"self":[{"href":"https:\/\/alfredo.mirium.cloud\/index.php\/wp-json\/wp\/v2\/pages\/3","targetHints":{"allow":["GET"]}}],"collection":[{"href":"https:\/\/alfredo.mirium.cloud\/index.php\/wp-json\/wp\/v2\/pages"}],"about":[{"href":"https:\/\/alfredo.mirium.cloud\/index.php\/wp-json\/wp\/v2\/types\/page"}],"author":[{"embeddable":true,"href":"https:\/\/alfredo.mirium.cloud\/index.php\/wp-json\/wp\/v2\/users\/1"}],"replies":[{"embeddable":true,"href":"https:\/\/alfredo.mirium.cloud\/index.php\/wp-json\/wp\/v2\/comments?post=3"}],"version-history":[{"count":7,"href":"https:\/\/alfredo.mirium.cloud\/index.php\/wp-json\/wp\/v2\/pages\/3\/revisions"}],"predecessor-version":[{"id":10310,"href":"https:\/\/alfredo.mirium.cloud\/index.php\/wp-json\/wp\/v2\/pages\/3\/revisions\/10310"}],"wp:attachment":[{"href":"https:\/\/alfredo.mirium.cloud\/index.php\/wp-json\/wp\/v2\/media?parent=3"}],"curies":[{"name":"wp","href":"https:\/\/api.w.org\/{rel}","templated":true}]}}